{"id":180,"date":"2024-10-21T09:00:56","date_gmt":"2024-10-21T09:00:56","guid":{"rendered":"https:\/\/lucascampora.com\/?page_id=180"},"modified":"2024-10-21T09:12:21","modified_gmt":"2024-10-21T09:12:21","slug":"aviso-legal","status":"publish","type":"page","link":"https:\/\/lucascampora.com\/en\/aviso-legal\/","title":{"rendered":"Aviso legal"},"content":{"rendered":"<div id=\"fws_69ef3f0a7536d\"  data-column-margin=\"default\" data-midnight=\"dark\"  class=\"wpb_row vc_row-fluid vc_row\"  style=\"padding-top: 0px; padding-bottom: 0px; \"><div class=\"row-bg-wrap\" data-bg-animation=\"none\" data-bg-animation-delay=\"\" data-bg-overlay=\"false\"><div class=\"inner-wrap row-bg-layer\" ><div class=\"row-bg viewport-desktop\"  style=\"\"><\/div><\/div><\/div><div class=\"row_col_wrap_12 col span_12 dark left\">\n\t<div  class=\"vc_col-sm-12 wpb_column column_container vc_column_container col no-extra-padding inherit_tablet inherit_phone\"  data-padding-pos=\"all\" data-has-bg-color=\"false\" data-bg-color=\"\" data-bg-opacity=\"1\" data-animation=\"\" data-delay=\"0\" >\n\t\t<div class=\"vc_column-inner\" >\n\t\t\t<div class=\"wpb_wrapper\">\n\t\t\t\t\n<div class=\"wpb_text_column wpb_content_element\" >\n\t<div class=\"wpb_wrapper\">\n\t\t<h1><b>Aviso legal<\/b><\/h1>\n<p>La p\u00e1gina web de Lucas Campora Abogados tiene por objeto facilitar a los ciudadanos, potenciales clientes y a los clientes, informaci\u00f3n relativa a las actividades y a los servicios que ofrece este despacho, as\u00ed como proporcionar informaci\u00f3n que pueda resultar de su inter\u00e9s.<\/p>\n<p>En cumplimiento de la Ley 34\/2002, de 11 de julio, de Servicios de la Sociedad de la Informaci\u00f3n y de Comercio Electr\u00f3nico (LSSI-CE), y de acuerdo con la exigencia de su art\u00edculo 10, le informamos de que:<\/p>\n<p><a href=\"https:\/\/lucascampora.com\/en\/\"><strong>https:\/\/lucascampora.com<\/strong> <\/a>es el dominio de la p\u00e1gina web del despacho jur\u00eddico cuyo nombre comercial es LUCAS CAMPORA ABOGADOS\u00a0\u00a0titularidad de <b>LUCAS ABOGADOS Y ASESORES LEGALES, S.L.P<\/b>. y <strong>CAMPORA ABOGADOS Y ASESORES TRIBUTARIOS, S.L.P<\/strong>, cuyos <b>CIFs<\/b> son B-40518839 y B98703333 respectivamente, con <b>domicilio <\/b>ambos en Pg. de Russafa, 11, puerta 8, 46002 de Valencia, e inscrita en el Registro Mercantil de Valencia, Hoja V183607 del Tomo 10547, Folio 26, y direcci\u00f3n de correo electr\u00f3nico <a href=\"mailto:info@lucascampora.com\">info@lucascampora.com<\/a>.<\/p>\n<p>La actividad profesional de los abogados de LUCAS ABOGADOS Y ASESORES LEGALES, S.L.P y CAMPORA ABOGADOS Y ASESORES TRIBUTARIOS, S.L.P es el Ejercicio en Com\u00fan de la Actividad Profesional de Abogado en el \u00c1mbito Del Derecho y se rige por el Estatuto Espa\u00f1ol de la Abogac\u00eda Espa\u00f1ola (R.D. 658\/2001) y por los C\u00f3digos Deontol\u00f3gicos de la Abogac\u00eda Espa\u00f1ola y de la Abogac\u00eda de\u00a0\u00a0la Uni\u00f3n Europea.<\/p>\n<p>Por ello, los miembros del equipo de Lucas Campora Abogados, y colaboradores por tanto de LUCAS ABOGADOS Y ASESORES LEGALES, S.L.P. y CAMPORA ABOGADOS Y ASESORES TRIBUTARIOS, S.L.P, son abogados en ejercicio, colegiados tambi\u00e9n en el Ilustre Colegio de Abogados de Valencia (ICAV) y sujetos a los mismos C\u00f3digos \u00c9ticos.<\/p>\n<p><b>Condiciones de uso<\/b><\/p>\n<p>El acceso y\/o uso de este sitio web atribuye a quien lo realiza la condici\u00f3n de\u00a0<b>Usuario<\/b>,\u00a0aceptando, desde este mismo momento, plenamente y sin reserva alguna, las presentes condiciones de uso. En caso de que no est\u00e9 de acuerdo con alguna de las condiciones, deber\u00e1 dejar de utilizar esta web.<\/p>\n<p><b><i>Responsabilidad del usuario<\/i><\/b><\/p>\n<p>El sitio web de LUCAS CAMPORA ABOGADOS proporciona informaci\u00f3n \u00fatil y ofrece y \u00a0explica los servicios que presta. El usuario asume su responsabilidad en el correcto uso del sitio web, especialmente en lo que se refiere a:<\/p>\n<ul>\n<li>La veracidad y licitud de los datos y la informaci\u00f3n que introduce en los formularios de consulta de la p\u00e1gina web de LUCAS CAMPORA ABOGADOS.<\/li>\n<li>El uso de la informaci\u00f3n y servicios ofrecidos por LUCAS CAMPORA ABOGADOS, sin contravenir la Ley, la moral, y el orden p\u00fablico, o de cualquier otro modo que pueda lesionar los derechos de terceros o del mismo funcionamiento del sitio web.<\/li>\n<\/ul>\n<p>El equipo de LUCAS CAMPORA ABOGADOS tratar\u00e1 los datos de los usuarios de forma confidencial, y exclusivamente con la finalidad de gestionar las consultas por usted formuladas y la promoci\u00f3n de los servicios que presta el Despacho.<\/p>\n<p>El acceso a la presente web y env\u00edo de la consulta por el Usuario, no supone el inicio de una relaci\u00f3n comercial con LUCAS CAMPORA ABOGADOS.<\/p>\n<p><b><i>Contenido y enlaces<\/i><\/b><\/p>\n<p>El contenido de la web de LUCAS CAMPORA ABOGADOS tiene car\u00e1cter meramente informativo y en ning\u00fan caso constituye asesoramiento jur\u00eddico, la pol\u00edtica del despacho es que los contenidos est\u00e9n actualizados, pero puede ocurrir que en alg\u00fan momento no lo est\u00e9n. Los art\u00edculos, por su generalidad, tampoco pueden constituir asesor\u00eda jur\u00eddica.<\/p>\n<p>El sitio web del despacho no contiene links o enlaces de acceso a p\u00e1ginas web de terceros, ni a redes sociales, ni ning\u00fan tipo de publicidad ajena al despacho.<\/p>\n<p><b><i>Modificaciones de la p\u00e1gina e interrupciones o errores en el acceso<\/i><\/b><\/p>\n<p>LUCAS CAMPORA ABOGADOS se reserva la facultad de efectuar, en cualquier momento y sin necesidad de previo aviso, modificaciones y actualizaciones de la informaci\u00f3n contenida en la p\u00e1gina web, de la configuraci\u00f3n y presentaci\u00f3n de esta, y de las condiciones de uso.<\/p>\n<p>Asimismo, declara haber tomado las medidas necesarias para evitar cualquier da\u00f1o a los usuarios que pudieran derivarse de la navegaci\u00f3n por su sitio web, por lo que no se hace responsable, de las interrupciones o errores en el acceso al mismo, ni en ning\u00fan caso, de los eventuales da\u00f1os que por la navegaci\u00f3n por Internet pudiera sufrir el usuario.<\/p>\n<p><b><i>Propiedad Intelectual<\/i><\/b><\/p>\n<p>Con estas condiciones de uso no se cede ning\u00fan derecho de propiedad intelectual o industrial sobre la web lucascampora.com, cuya propiedad intelectual sobre el dominio pertenece a LUCAS ABOGADOS Y ASESORES LEGALES, S.L.P. y CAMPORA ABOGADOS Y ASESORES TRIBUTARIOS, S.L.P, incluidos los art\u00edculos que contiene, \u00a0quedando expresamente prohibidos al Usuario la reproducci\u00f3n, transformaci\u00f3n, distribuci\u00f3n, comunicaci\u00f3n p\u00fablica, puesta a disposici\u00f3n del p\u00fablico, extracci\u00f3n, reutilizaci\u00f3n, reenv\u00edo o la utilizaci\u00f3n de cualquier naturaleza, por cualquier medio o procedimiento, de cualquiera de ellos, salvo en los casos en que est\u00e9 legalmente permitido o sea autorizado por el titular de los correspondientes derechos.<\/p>\n<p><b><i>Exenci\u00f3n de Responsabilidad<\/i><\/b><\/p>\n<p>LUCAS ABOGADOS Y ASESORES LEGALES, S.L.P. y CAMPORA ABOGADOS Y ASESORES TRIBUTARIOS, S.L.P, no ser\u00e1n en ning\u00fan caso, responsables por los da\u00f1os y perjuicios de cualquier tipo derivados, directa o indirectamente, de la falta de lectura de este aviso, o del incumplimiento de las obligaciones especificadas en las condiciones establecidas en el mismo.<\/p>\n<p>Adem\u00e1s, de acuerdo con lo expuesto en estas condiciones, LUCAS ABOGADOS Y ASESORES LEGALES, S.L.P. y CAMPORA ABOGADOS Y ASESORES TRIBUTARIOS, S.L.P, excluyen cualquier responsabilidad por los da\u00f1os y perjuicios de toda naturaleza que, fuera de su efectivo control, puedan deberse a la transmisi\u00f3n, difusi\u00f3n, almacenamiento, puesta a disposici\u00f3n, recepci\u00f3n, obtenci\u00f3n o acceso a la p\u00e1gina web o sus contenidos.<\/p>\n<p>Actualizado el 21 de octubre de 2024.<\/p>\n\t<\/div>\n<\/div>\n\n\n\n\n\t\t\t<\/div> \n\t\t<\/div>\n\t<\/div> \n<\/div><\/div>","protected":false},"excerpt":{"rendered":"Aviso legal La p\u00e1gina web de Lucas Campora Abogados tiene por objeto facilitar a los ciudadanos, potenciales clientes y a los clientes, informaci\u00f3n relativa a las actividades y a los...","protected":false},"author":1,"featured_media":0,"parent":0,"menu_order":0,"comment_status":"closed","ping_status":"closed","template":"","meta":{"footnotes":""},"class_list":["post-180","page","type-page","status-publish"],"_links":{"self":[{"href":"https:\/\/lucascampora.com\/en\/wp-json\/wp\/v2\/pages\/180","targetHints":{"allow":["GET"]}}],"collection":[{"href":"https:\/\/lucascampora.com\/en\/wp-json\/wp\/v2\/pages"}],"about":[{"href":"https:\/\/lucascampora.com\/en\/wp-json\/wp\/v2\/types\/page"}],"author":[{"embeddable":true,"href":"https:\/\/lucascampora.com\/en\/wp-json\/wp\/v2\/users\/1"}],"replies":[{"embeddable":true,"href":"https:\/\/lucascampora.com\/en\/wp-json\/wp\/v2\/comments?post=180"}],"version-history":[{"count":4,"href":"https:\/\/lucascampora.com\/en\/wp-json\/wp\/v2\/pages\/180\/revisions"}],"predecessor-version":[{"id":192,"href":"https:\/\/lucascampora.com\/en\/wp-json\/wp\/v2\/pages\/180\/revisions\/192"}],"wp:attachment":[{"href":"https:\/\/lucascampora.com\/en\/wp-json\/wp\/v2\/media?parent=180"}],"curies":[{"name":"wp","href":"https:\/\/api.w.org\/{rel}","templated":true}]}}