{"id":183,"date":"2024-10-21T09:09:10","date_gmt":"2024-10-21T09:09:10","guid":{"rendered":"https:\/\/lucascampora.com\/?page_id=183"},"modified":"2024-10-21T09:10:31","modified_gmt":"2024-10-21T09:10:31","slug":"politica-de-cookies","status":"publish","type":"page","link":"https:\/\/lucascampora.com\/en\/politica-de-cookies\/","title":{"rendered":"Pol\u00edtica de cookies"},"content":{"rendered":"<div id=\"fws_69ef3d049bf68\"  data-column-margin=\"default\" data-midnight=\"dark\"  class=\"wpb_row vc_row-fluid vc_row\"  style=\"padding-top: 0px; padding-bottom: 0px; \"><div class=\"row-bg-wrap\" data-bg-animation=\"none\" data-bg-animation-delay=\"\" data-bg-overlay=\"false\"><div class=\"inner-wrap row-bg-layer\" ><div class=\"row-bg viewport-desktop\"  style=\"\"><\/div><\/div><\/div><div class=\"row_col_wrap_12 col span_12 dark left\">\n\t<div  class=\"vc_col-sm-12 wpb_column column_container vc_column_container col no-extra-padding inherit_tablet inherit_phone\"  data-padding-pos=\"all\" data-has-bg-color=\"false\" data-bg-color=\"\" data-bg-opacity=\"1\" data-animation=\"\" data-delay=\"0\" >\n\t\t<div class=\"vc_column-inner\" >\n\t\t\t<div class=\"wpb_wrapper\">\n\t\t\t\t\n<div class=\"wpb_text_column wpb_content_element\" >\n\t<div class=\"wpb_wrapper\">\n\t\t<h1>Pol\u00edtica de cookies<\/h1>\n<h4>El art. 22.2 de la Ley 34\/2002 de Servicios de la Sociedad de la Informaci\u00f3n y de Comercio Electr\u00f3nico (LSSI-CE), obliga a todos los que tenemos una web a advertir al usuario de la existencia de cookies, informar sobre ellas y pedirle permiso para descargarlas.<\/h4>\n<p>Nuestro sitio web descarga cookies en su ordenador, para ayudar a mejorar la navegaci\u00f3n en la web y obtener datos estad\u00edsticos.<\/p>\n<p>El usuario asume que usted acepta el uso de cookies si contin\u00faa navegando.<\/p>\n<h2>\u00a0<b>\u00bfQu\u00e9 son las cookies?<\/b><\/h2>\n<p>Una cookie es un peque\u00f1o fichero de texto que se almacena en su navegador al acceder a algunas p\u00e1ginas web y cuyo objetivo es adaptar el contenido de la web a su perfil y necesidades.<\/p>\n<p>Las cookies permiten a una p\u00e1gina web, almacenar y recuperar informaci\u00f3n sobre los h\u00e1bitos de navegaci\u00f3n de un usuario o de su equipo y son esenciales para el funcionamiento de internet, aportando innumerables ventajas en la prestaci\u00f3n de servicios interactivos, facilit\u00e1ndole la navegaci\u00f3n y usabilidad de nuestra web.<\/p>\n<h2><b>Tipos de cookies<\/b><\/h2>\n<p><b><i>Seg\u00fan su duraci\u00f3n:<\/i><\/b><\/p>\n<ul>\n<li><i>De sesi\u00f3n<\/i><i>:<\/i>\u00a0dise\u00f1adas para recabar y almacenar datos mientras el usuario accede a una p\u00e1gina web, y no queda registrada en el disco del usuario.<\/li>\n<li><i>Persistentes<\/i><i>:<\/i>\u00a0los datos siguen almacenados en el terminal y pueden ser accedidos y tratados durante un periodo definido por el responsable de la cookie, y que puede ir de unos minutos a varios a\u00f1os.<\/li>\n<\/ul>\n<p><b><i>Seg\u00fan quien las gestione:<\/i><\/b><\/p>\n<ul>\n<li><i>Propias:<\/i>\u00a0aquellas que se recaban por el propio editor para prestar el servicio solicitado por el usuario.<\/li>\n<li><i>De terceros:<\/i>\u00a0aquellas que son recabadas y gestionadas por un tercero, estas no se pueden considerar propias.<\/li>\n<\/ul>\n<p><b><i>Seg\u00fan su finalidad:<\/i><\/b><\/p>\n<ul>\n<li><i>Cookies t\u00e9cnicas<\/i>: necesarias para la correcta navegaci\u00f3n por la web.<\/li>\n<li><i>Cookies de personalizaci\u00f3n<\/i>: permiten al usuario elegir las caracter\u00edsticas (idioma) para la navegaci\u00f3n por el sitio web.<\/li>\n<li><i>Cookies de an\u00e1lisis<\/i>: permiten al prestador el an\u00e1lisis vinculado a la navegaci\u00f3n realizada por el usuario, con el fin de llevar un seguimiento de uso de la p\u00e1gina web, as\u00ed como realizar estad\u00edsticas de los contenidos m\u00e1s visitados, n\u00famero de visitantes, etc.<\/li>\n<li><i>Cookies publicitarias:<\/i>\u00a0permiten al editor incluir en la web, espacios publicitarios, seg\u00fan el contenido de la propia web<\/li>\n<li><i>Cookies de publicidad comportamental:<\/i>\u00a0permiten al editor incluir en la p\u00e1gina web espacios publicitarios seg\u00fan la informaci\u00f3n obtenida a trav\u00e9s de los h\u00e1bitos de navegaci\u00f3n del usuario<\/li>\n<\/ul>\n<h2>\u00a0<b>\u00bfQu\u00e9 cookies usamos?<\/b><\/h2>\n<p>De acuerdo con las directrices de la Agencia Espa\u00f1ola de Protecci\u00f3n de Datos vamos a explicarle el uso de cookies que hace esta web, con el fin de informarle lo mejor posible.<\/p>\n<table cellspacing=\"0\" cellpadding=\"0\">\n<tbody>\n<tr>\n<td colspan=\"2\" valign=\"top\">\n<p align=\"center\"><b>NOMBRE<\/b><\/p>\n<\/td>\n<td valign=\"top\">\n<p align=\"center\"><b>DURACI\u00d3N<\/b><\/p>\n<\/td>\n<td valign=\"top\">\n<p align=\"center\"><b>GESTOR<\/b><\/p>\n<\/td>\n<td valign=\"top\">\n<p align=\"center\"><b>FINALIDAD<\/b><\/p>\n<\/td>\n<\/tr>\n<tr>\n<td colspan=\"2\" valign=\"top\">\n<p align=\"justify\"><b>PHPSESSID<\/b><\/p>\n<\/td>\n<td valign=\"top\">\n<p align=\"justify\">Caduca al finalizar la sesi\u00f3n<\/p>\n<\/td>\n<td valign=\"top\">\n<p align=\"justify\">Propia<\/p>\n<\/td>\n<td valign=\"top\">\n<p align=\"justify\">Esta cookie es usada por el lenguaje de encriptado PHP para permitir que las variables de SESI\u00d3N sean guardadas en el servidor web. Esta cookie es esencial para el funcionamiento de la web.<\/p>\n<\/td>\n<\/tr>\n<tr>\n<td valign=\"top\">\n<p align=\"justify\"><b>_ga<\/b><\/p>\n<\/td>\n<td rowspan=\"3\" valign=\"top\">\n<p align=\"justify\"><b>Google<\/b><\/p>\n<p align=\"justify\"><b>Analytics<\/b><\/p>\n<\/td>\n<td valign=\"top\">\n<p align=\"justify\">2 a\u00f1os<\/p>\n<\/td>\n<td valign=\"top\">\n<p align=\"justify\">De terceros<\/p>\n<\/td>\n<td valign=\"top\">\n<p align=\"justify\">Se usa para para distinguir a los usuarios<\/p>\n<\/td>\n<\/tr>\n<tr>\n<td valign=\"top\">\n<p align=\"justify\"><b>_gid<\/b><\/p>\n<\/td>\n<td valign=\"top\">\n<p align=\"justify\">24 horas<\/p>\n<\/td>\n<td valign=\"top\">\n<p align=\"justify\">De terceros<\/p>\n<\/td>\n<td valign=\"top\">\n<p align=\"justify\">Se usa para almacenar\u00a0<i>ID de sesi\u00f3n<\/i>\u00a0y para agrupar la actividad de la sesi\u00f3n completa para cada usuario<\/p>\n<\/td>\n<\/tr>\n<tr>\n<td valign=\"top\">\n<p align=\"justify\"><b>_gat<\/b><\/p>\n<\/td>\n<td valign=\"top\">\n<p align=\"justify\">10 minutos<\/p>\n<\/td>\n<td valign=\"top\">\n<p align=\"justify\">De terceros<\/p>\n<\/td>\n<td valign=\"top\">\n<p align=\"justify\">Se usa para limitar el porcentaje de solicitudes<\/p>\n<\/td>\n<\/tr>\n<\/tbody>\n<\/table>\n<p class=\"p1\"><span class=\"s1\"><b><i>Google Analytics:<\/i><\/b><\/span><\/p>\n<p class=\"p1\"><span class=\"s1\">Almacena cookies para poder elaborar estad\u00edsticas sobre el tr\u00e1fico y volumen de visitas de esta web. Al utilizar este sitio web est\u00e1 consintiendo el tratamiento de informaci\u00f3n acerca de usted por Google. Por tanto, el ejercicio de cualquier derecho en este sentido deber\u00e1 hacerlo comunicando directamente con Google.<\/span><\/p>\n<p class=\"p1\"><span class=\"s1\">Las cookies de Google Analytics, se almacenan en servidores ubicados en Estados Unidos y se compromete a no compartirla con terceros, excepto en los casos en los que sea necesario para el funcionamiento del sistema o cuando la ley obligue a tal efecto. Seg\u00fan Google no guarda su direcci\u00f3n IP.<\/span><\/p>\n<p class=\"p2\"><span class=\"s1\">Google Inc. es una compa\u00f1\u00eda adherida al Acuerdo de Puerto Seguro que garantiza que todos los datos transferidos ser\u00e1n tratados con un nivel de protecci\u00f3n acorde a la normativa europea.<\/span><\/p>\n<p class=\"p2\"><span class=\"s1\">Puede consultar informaci\u00f3n detallada a este respecto a trav\u00e9s del siguiente enlace:\u00a0<a href=\"https:\/\/support.google.com\/analytics\/answer\/6004245\" target=\"_blank\" rel=\"noopener\">https:\/\/support.google.com\/analytics\/answer\/6004245<\/a>.<\/span><\/p>\n<p class=\"p3\"><span class=\"s1\"><b>C\u00f3mo desinstalar las cookies<\/b><\/span><\/p>\n<p class=\"p1\"><span class=\"s1\">Usted puede restringir, bloquear o borrar las cookies de esta p\u00e1gina web, utilizando su navegador.<\/span><\/p>\n<p class=\"p1\"><span class=\"s1\">LUCAS ABOGADOS Y ASESORES LEGALES, S.L.P y CAMPORA ABOGADOS Y ASESORES TRIBUTARIOS, S.L.P. le informan de que tiene la posibilidad de configurar su navegador de modo que se le informe de la recepci\u00f3n de cookies, pudiendo, si lo desea, impedir que sean instaladas en su disco duro.<\/span><\/p>\n<p class=\"p1\"><span class=\"s1\">Le facilitamos<span class=\"Apple-converted-space\">\u00a0\u00a0<\/span>los enlaces de los navegadores m\u00e1s comunes, a trav\u00e9s de los cuales podr\u00e1 realizar dicha configuraci\u00f3n:<\/span><\/p>\n<p class=\"p5\"><span class=\"s2\"><b>Internet Explorer:<\/b>\u00a0<a href=\"http:\/\/windows.microsoft.com\/es-es\/internet-explorer\/delete-manage-cookies\" target=\"_blank\" rel=\"noopener\"><span class=\"s3\">http:\/\/windows.microsoft.com\/es-es\/internet-explorer\/delete-manage-cookies<\/span><\/a><\/span><\/p>\n<p class=\"p5\"><span class=\"s2\"><b>Google Chrome:<\/b>\u00a0<a href=\"https:\/\/support.google.com\/chrome\/answer\/95647\" target=\"_blank\" rel=\"noopener\"><span class=\"s3\">https:\/\/support.google.com\/chrome\/answer\/95647<\/span><\/a><\/span><\/p>\n<p class=\"p5\"><span class=\"s2\"><b>Firefox:<\/b>\u00a0<a href=\"http:\/\/support.mozilla.org\/kb\/delete-cookies-remove-info-websites-stored\" target=\"_blank\" rel=\"noopener\"><span class=\"s3\">http:\/\/support.mozilla.org\/kb\/delete-cookies-remove-info-websites-stored<\/span><\/a><\/span><\/p>\n<p class=\"p5\"><span class=\"s2\"><b>Safari:<\/b>\u00a0<a href=\"https:\/\/support.apple.com\/kb\/ph17191?locale=es_ES\" target=\"_blank\" rel=\"noopener\"><span class=\"s3\">https:\/\/support.apple.com\/kb\/ph17191?locale=es_ES<\/span><\/a><\/span><\/p>\n\t<\/div>\n<\/div>\n\n\n\n\n\t\t\t<\/div> \n\t\t<\/div>\n\t<\/div> \n<\/div><\/div>","protected":false},"excerpt":{"rendered":"Pol\u00edtica de cookies El art. 22.2 de la Ley 34\/2002 de Servicios de la Sociedad de la Informaci\u00f3n y de Comercio Electr\u00f3nico (LSSI-CE), obliga a todos los que tenemos una...","protected":false},"author":1,"featured_media":0,"parent":0,"menu_order":0,"comment_status":"closed","ping_status":"closed","template":"","meta":{"footnotes":""},"class_list":["post-183","page","type-page","status-publish"],"_links":{"self":[{"href":"https:\/\/lucascampora.com\/en\/wp-json\/wp\/v2\/pages\/183","targetHints":{"allow":["GET"]}}],"collection":[{"href":"https:\/\/lucascampora.com\/en\/wp-json\/wp\/v2\/pages"}],"about":[{"href":"https:\/\/lucascampora.com\/en\/wp-json\/wp\/v2\/types\/page"}],"author":[{"embeddable":true,"href":"https:\/\/lucascampora.com\/en\/wp-json\/wp\/v2\/users\/1"}],"replies":[{"embeddable":true,"href":"https:\/\/lucascampora.com\/en\/wp-json\/wp\/v2\/comments?post=183"}],"version-history":[{"count":2,"href":"https:\/\/lucascampora.com\/en\/wp-json\/wp\/v2\/pages\/183\/revisions"}],"predecessor-version":[{"id":186,"href":"https:\/\/lucascampora.com\/en\/wp-json\/wp\/v2\/pages\/183\/revisions\/186"}],"wp:attachment":[{"href":"https:\/\/lucascampora.com\/en\/wp-json\/wp\/v2\/media?parent=183"}],"curies":[{"name":"wp","href":"https:\/\/api.w.org\/{rel}","templated":true}]}}