{"id":3,"date":"2024-07-18T07:50:25","date_gmt":"2024-07-18T07:50:25","guid":{"rendered":"https:\/\/lucascampora.com\/?page_id=3"},"modified":"2024-10-21T09:11:50","modified_gmt":"2024-10-21T09:11:50","slug":"politica-de-privacidad","status":"publish","type":"page","link":"https:\/\/lucascampora.com\/en\/politica-de-privacidad\/","title":{"rendered":"Pol\u00edtica de privacidad"},"content":{"rendered":"<div id=\"fws_69ece69ab6395\"  data-column-margin=\"default\" data-midnight=\"dark\"  class=\"wpb_row vc_row-fluid vc_row\"  style=\"padding-top: 0px; padding-bottom: 0px; \"><div class=\"row-bg-wrap\" data-bg-animation=\"none\" data-bg-animation-delay=\"\" data-bg-overlay=\"false\"><div class=\"inner-wrap row-bg-layer\" ><div class=\"row-bg viewport-desktop\"  style=\"\"><\/div><\/div><\/div><div class=\"row_col_wrap_12 col span_12 dark left\">\n\t<div  class=\"vc_col-sm-12 wpb_column column_container vc_column_container col no-extra-padding inherit_tablet inherit_phone\"  data-padding-pos=\"all\" data-has-bg-color=\"false\" data-bg-color=\"\" data-bg-opacity=\"1\" data-animation=\"\" data-delay=\"0\" >\n\t\t<div class=\"vc_column-inner\" >\n\t\t\t<div class=\"wpb_wrapper\">\n\t\t\t\t\n<div class=\"wpb_text_column wpb_content_element\" >\n\t<div class=\"wpb_wrapper\">\n\t\t<h1 class=\"wp-block-heading\">Pol\u00edtica de privacidad<\/h1>\n<p>De conformidad con lo establecido en la normativa vigente de Protecci\u00f3n de Datos de Car\u00e1cter Personal, Reglamento (UE) 2016\/679 de 27 de abril de 2016 relativo a la protecci\u00f3n de las personas f\u00edsicas en lo que respecta al tratamiento de datos personales y a la libre circulaci\u00f3n de estos datos, en lo sucesivo RGPD, y a fin de que pueda tener un mejor control sobre los mismos, queremos informarle principalmente de c\u00f3mo sus datos van a ser gestionados en esta web.<\/p>\n<p><b><i>\u00bfQui\u00e9n es el responsable del tratamiento de sus datos?<\/i><\/b><\/p>\n<p>Los datos que usted incorpore a la web de Lucas Abogados, que es el nombre comercial del despacho jur\u00eddico, se incorporaran a un sistema de tratamiento cuya titularidad corresponde a <strong>CAMPORA ABOGADOS Y ASESORES TRIBUTARIOS, S.L.P<\/strong><b>\u00a0<\/b>con<b> CIF: B98703333 <\/b>\u00a0y cuyo\u00a0<b>Domicilio Social\u00a0<\/b>es PASEO RUZAFA N\u00ba 11, PISO 3, PUERTA 6, 46002,VALENCIA, con <b>tel\u00e9fono <\/b>653 429 208 y <b>correo electr\u00f3nico <\/b><a href=\"mailto:info@lucascampora.com\">info@lucascampora.com<\/a><b>.<\/b><\/p>\n<p><b><i>\u00bfCon qu\u00e9 finalidad tratamos tus datos personales?<\/i><\/b><\/p>\n<p>La\u00a0<b>finalidad<\/b>\u00a0del tratamiento de sus datos\u00a0<i>al enviarnos el formulario de contacto<\/i>\u00a0es atender y gestionar las consultas formuladas\u00a0por usted\u00a0y remitirle comunicaciones comerciales acerca de nuestros servicios que puedan ser de su inter\u00e9s siempre que nos autorice.<\/p>\n<p>Si posteriormente nos realiza\u00a0<i>encargo profesional,<\/i>\u00a0la\u00a0<b>finalidad leg\u00edtima<\/b>\u00a0para el tratamiento de sus datos de car\u00e1cter personal, ser\u00e1n la gesti\u00f3n profesional, administrativa, contable y fiscal, as\u00ed como la apertura y archivo de los expedientes.<\/p>\n<p>En tal caso le solicitaremos los datos que creamos necesarios para la defensa de sus intereses, que en todo momento estar\u00e1n protegidos por el secreto profesional, si bien, es libre de facilitarlos, aunque debemos informarle de que la omisi\u00f3n de dicha informaci\u00f3n podr\u00e1 dificultar el desarrollo de las actuaciones contratadas y del ejercicio de su defensa.<\/p>\n<p><b><i>\u00bfC\u00f3mo tratamos sus datos personales?<\/i><\/b><\/p>\n<p>En el tratamiento de sus datos personales, aplicaremos los principios exigidos por el RGPD, de manera que siempre vamos a requerir su consentimiento para asegurar la\u00a0<b>licitud<\/b>\u00a0del tratamiento de los datos personales que incorpore a esta web, inform\u00e1ndole con absoluta\u00a0<b>lealtad y transparencia.<\/b><\/p>\n<p>Solo le solicitamos los datos estrictamente necesarios para el cumplimiento de los fines, su nombre y su e-mail, es decir \u00a0los\u00a0<b>m\u00ednimos<\/b>\u00a0posibles.<\/p>\n<p>Los datos ser\u00e1n\u00a0<b>conservados<\/b>\u00a0durante no m\u00e1s tiempo del necesario para los fines del tratamiento, en funci\u00f3n a la finalidad, o sea, que solo se conservar\u00e1n mientras sean necesarios para gestionar el contacto y la consulta que nos haga, y para el env\u00edo de comunicaciones comerciales por usted autorizadas, en tanto no revoque el consentimiento. En caso de encargo profesional sus datos personales se conservar\u00e1n mientras se mantenga la relaci\u00f3n contractual o durante los a\u00f1os necesarios para cumplir con las obligaciones legales.<\/p>\n<p><b><i>\u00bfCu\u00e1l es la legitimaci\u00f3n legal y base jur\u00eddica para el tratamiento de sus datos?<\/i><\/b><\/p>\n<p>La legitimaci\u00f3n legal para el tratamiento de sus datos personales al rellenar y enviar el formulario de contacto de la web es\u00a0<b>el consentimiento<\/b>\u00a0que presta de acuerdo con el\u00a0<b>art 6.1 a)\u00a0<\/b>del RGPD.<\/p>\n<p>La legitimaci\u00f3n en caso de encargo profesional posterior,\u00a0<b>es la ejecuci\u00f3n de un contrato de prestaci\u00f3n de servicios profesionales<\/b>, y el cumplimiento de las obligaciones profesionales y legales derivadas del mismo, de acuerdo con el\u00a0<b>art.6.1 b)<\/b>\u00a0del RGPD, as\u00ed como el\u00a0<b>art.9.2 f)<\/b>\u00a0del mismo, para el tratamiento de categor\u00edas especiales de datos personales.<\/p>\n<p>Asimismo, y de acuerdo con lo establecido en el\u00a0<b>art.21<\/b>\u00a0de la Ley 34\/2002, de 11 de julio, de Servicios de la Sociedad de la Informaci\u00f3n y de Comercio Electr\u00f3nico, la legitimidad para recibir publicidad sobre nuestros servicios, que consideremos puedan ser de su inter\u00e9s, por correo electr\u00f3nico o postal, es su consentimiento expreso, el cual podr\u00e1 revocar en cualquier momento.<\/p>\n<p><b><i>\u00bfQui\u00e9nes son los destinatarios de sus datos?<\/i><\/b><\/p>\n<p>Los datos personales\u00a0<b><i>derivados del contacto y la consulta<\/i><\/b> no ser\u00e1n cedidos a terceros, tan solo los abogados colaboradores de CAMPORA ABOGADOS Y ASESORES TRIBUTARIOS, S.L.P, que forman parte del equipo de Lucas Campora Abogados, tendr\u00e1n acceso a ellos en funci\u00f3n de la materia de la consulta, como encargados de tratamiento, en base a un contrato de encargo de tratamiento, entre estos y el responsable.<\/p>\n<p>En caso de\u00a0<b><i>encargo profesional<\/i><\/b>\u00a0posterior, los datos de car\u00e1cter personal podr\u00e1n ser comunicados en los escritos y documentos anejos a \u00e9stos, a los Juzgados y Tribunales, o en su caso a las Administraciones P\u00fablicas competentes, para el cumplimiento del encargo encomendado.<\/p>\n<p>Adem\u00e1s en este caso, los datos podr\u00e1n ser cedidos a procuradores como representantes de los litigantes ante los Juzgados y Tribunales cuando sea preceptiva u aconsejable su intervenci\u00f3n, as\u00ed como a peritos y otros profesionales que deban intervenir o sea conveniente que intervengan, en cuyo caso para dicha cesi\u00f3n requeriremos su consentimiento.<\/p>\n<p>No se prev\u00e9n transferencias internacionales de sus datos.<\/p>\n<p><b><i>\u00bfCu\u00e1les son sus derechos cuando nos facilita sus datos personales?<\/i><\/b><\/p>\n<p>En esta web se respetan y cuidan los datos personales de los usuarios. Como usuario debe saber que sus derechos est\u00e1n garantizados.\u00a0Por ello queremos explicarle cu\u00e1les son estos derechos y como podr\u00e1 ejercerlos.Derecho a solicitar el\u00a0<b>ACCESO<\/b>\u00a0a sus datos personales<\/p>\n<ul>\n<li><b>Derecho a solicitar su\u00a0RECTIFICACI\u00d3N\u00a0y\u00a0SUPRESI\u00d3N<\/b><\/li>\n<li>Derecho a solicitar la\u00a0<b>LIMITACI\u00d3N DE SU TRATAMIENTO<\/b><\/li>\n<li>Derecho a\u00a0<b>OPONERSE<\/b>\u00a0al tratamiento<\/li>\n<li>Derecho a la\u00a0<b>PORTABILIDAD<\/b>\u00a0de sus datos.<\/li>\n<\/ul>\n<p>Los interesados tienen el derecho a\u00a0<i>acceder<\/i>\u00a0a sus datos personales y a obtener una copia de los mismos (en formato\u00a0estructurado, de uso com\u00fan y lectura mec\u00e1nica si se tratan de forma automatizada, a usted o directamente a otro responsable, en virtud del derecho a la\u00a0<i>portabilidad<\/i>), as\u00ed como a actualizarlos o\u00a0<i>rectificarlos<\/i>\u00a0cuando sean inexactos o incompletos.<\/p>\n<p>Tambi\u00e9n podr\u00e1 solicitar su\u00a0<i>supresi\u00f3n<\/i>\u00a0cuando ya no sean necesarios para los fines para los que fueron recogidos (<b>derecho al olvido<\/b>\u00a0en el entorno on-line).<\/p>\n<p>Adem\u00e1s podr\u00e1 solicitar la\u00a0<i>limitaci\u00f3n del tratamiento<\/i>\u00a0de sus datos, en cuyo caso solo los conservaremos para el ejercicio o la defensa de reclamaciones.<\/p>\n<p>Podr\u00e1 usted\u00a0<i>oponerse<\/i>\u00a0a su tratamiento con fines de mercadotecnia.<\/p>\n<p>Le informamos de que el\u00a0<b>plazo para responder a sus solicitudes es de un mes<\/b>, aunque, aunque por la complejidad y n\u00famero de solicitudes, se podr\u00e1 prorrogar el plazo otros dos meses m\u00e1s.<\/p>\n\t<\/div>\n<\/div>\n\n\n\n\n\t\t\t<\/div> \n\t\t<\/div>\n\t<\/div> \n<\/div><\/div>","protected":false},"excerpt":{"rendered":"Pol\u00edtica de privacidad De conformidad con lo establecido en la normativa vigente de Protecci\u00f3n de Datos de Car\u00e1cter Personal, Reglamento (UE) 2016\/679 de 27 de abril de 2016 relativo a...","protected":false},"author":1,"featured_media":0,"parent":0,"menu_order":0,"comment_status":"closed","ping_status":"open","template":"","meta":{"footnotes":""},"class_list":["post-3","page","type-page","status-publish"],"_links":{"self":[{"href":"https:\/\/lucascampora.com\/en\/wp-json\/wp\/v2\/pages\/3","targetHints":{"allow":["GET"]}}],"collection":[{"href":"https:\/\/lucascampora.com\/en\/wp-json\/wp\/v2\/pages"}],"about":[{"href":"https:\/\/lucascampora.com\/en\/wp-json\/wp\/v2\/types\/page"}],"author":[{"embeddable":true,"href":"https:\/\/lucascampora.com\/en\/wp-json\/wp\/v2\/users\/1"}],"replies":[{"embeddable":true,"href":"https:\/\/lucascampora.com\/en\/wp-json\/wp\/v2\/comments?post=3"}],"version-history":[{"count":2,"href":"https:\/\/lucascampora.com\/en\/wp-json\/wp\/v2\/pages\/3\/revisions"}],"predecessor-version":[{"id":189,"href":"https:\/\/lucascampora.com\/en\/wp-json\/wp\/v2\/pages\/3\/revisions\/189"}],"wp:attachment":[{"href":"https:\/\/lucascampora.com\/en\/wp-json\/wp\/v2\/media?parent=3"}],"curies":[{"name":"wp","href":"https:\/\/api.w.org\/{rel}","templated":true}]}}